{"id":13,"date":"2023-08-15T19:06:10","date_gmt":"2023-08-15T17:06:10","guid":{"rendered":"https:\/\/skyltbutiken.se\/no\/?page_id=13"},"modified":"2023-08-19T22:47:01","modified_gmt":"2023-08-19T20:47:01","slug":"refund_returns","status":"publish","type":"page","link":"https:\/\/skyltbutiken.se\/no\/refund_returns\/","title":{"rendered":"Retningslinjer for refusjon og retur"},"content":{"rendered":"\n<h1 class=\"wp-block-heading\">Vilk\u00e5r<\/h1>\n\n\n\n<h3 class=\"wp-block-heading\">PRISER<\/h3>\n\n\n\n<p>Alle priser i nettbutikken vises inkl. mva<\/p>\n\n\n\n<h4 class=\"wp-block-heading\">FRAKTKOSTNAD<\/h4>\n\n\n\n<p>Alltid 249 kr i frakt for alle leveranser til Norge!<\/p>\n\n\n\n<p>BETALINGSALTERNATIVER<\/p>\n\n\n\n<p>Vi bruker Klarna for privatpersoner. Du kan velge \u00e5 betale enten med faktura eller med kort.<\/p>\n\n\n\n<p>BESTILLINGSINFORMASJON<\/p>\n\n\n\n<p>N\u00e5r du har fullf\u00f8rt bestillingen i kassen, vil en ordrebekreftelse bli sendt til e-postadressen du oppga. E-posten inneholder all informasjon vedr\u00f8rende din bestilling som fakturaadresse, leveringsadresse, bestilte produkter og pris. Hvis noe er feil, vennligst kontakt oss umiddelbart via e-post <a href=\"mailto:info@skyltbutiken.com\">info@skyltbutiken.com<\/a><\/p>\n\n\n\n<h4 class=\"wp-block-heading\">LEVERINGSVILK\u00c5R<\/h4>\n\n\n\n<p>Fraktkostnad per bestilling er alltid 249 NOK. Emballasjekostnader for paller og pallekrager kommer i tillegg i tilfeller hvor denne typen emballasje er n\u00f8dvendig for \u00e5 opprettholde en trygg transport av varene for oss, transport\u00f8ren og deg som mottaker. Kostnaden for pall og pallekrage er for tiden 185 NOK per stk. Prisene er inkl. mva Vi har til hensikt \u00e5 alltid levere varer til din valgte adresse. Men mindre forsendelser og sm\u00e5pakker kan i noen tilfeller leveres til utleveringsstedet.<br><br>Vi pr\u00f8ver alltid \u00e5 levere produktene v\u00e5re s\u00e5 raskt som mulig, vanligvis innen 2-5 virkedager. For ikke lagerf\u00f8rte varer eller trykte produkter, se det respektive produktet for leveringstid. Vi kommer alltid tilbake til deg som kunde dersom leveringstiden avviker fra det som st\u00e5r p\u00e5 nettsiden.<\/p>\n\n\n\n<p>Vi sender bestillinger med DHL.<\/p>\n\n\n\n<p>Varene skal kontrolleres umiddelbart ved mottak og eventuelle skader p\u00e5 emballasjen skal noteres av sj\u00e5f\u00f8ren f\u00f8r underskrift\/ved levering. Kontakt oss umiddelbart p\u00e5 <a href=\"mailto:info@skyltbutiken.com\">info@skyltbutiken.com<\/a> og legg ved bilder av emballasje og skader p\u00e5 varer s\u00e5 hjelper vi deg. Skader m\u00e5 meldes til oss innen 24 timer etter mottak.<\/p>\n\n\n\n<p><strong>Uutl\u00f8ste pakker:<\/strong><\/p>\n\n\n\n<p>S\u00e5kalte bompengekj\u00f8ringer der transport\u00f8ren har v\u00e6rt p\u00e5 stedet og fors\u00f8kt \u00e5 levere varer p\u00e5 mottakeradresse uten vellykket resultat kan i ettertid belastes kunden da dette medf\u00f8rer en ekstra kostnad for oss.<\/p>\n\n\n\n<p><strong>Terminalleie:<\/strong><br>Fra og med dag 4 etter varsling tar DHL terminalleie for varer som venter p\u00e5 s\u00e5kalte lagerleie, for levering senere enn de 3 gratis virkedagene som tilbys av DHL. Dette vises i SMS og e-post ved valg av Telenotification for varer som er p\u00e5 terminalen og denne kostnaden er basert p\u00e5 vekten av forsendelsen.<\/p>\n\n\n\n<h4 class=\"wp-block-heading\">GARANTI<\/h4>\n\n\n\n<p>1 \u00e5rs funksjonsgaranti gjelder alle varer. Omfatter ikke produkter med trykk og forbruksmateriell som frontplast\/magnetisk plast\/skrivebrett\/skriveplast\/blyanter etc.<\/p>\n\n\n\n<p>H\u00e6rverk eller unormal bruk dekkes ikke av garantien. Breslin Metallbearbetning AB er ikke ansvarlig for indirekte kostnader, tap eller skader.<\/p>\n\n\n\n<h4 class=\"wp-block-heading\">GENERELT OMSORGSR\u00c5D<\/h4>\n\n\n\n<p>Kontroller f\u00f8r montering at produktet ikke er skadet eller har andre defekter som kan p\u00e5virke holdbarhet og funksjon. Hver m\u00e5ned skal skruer og beslag kontrolleres og byttes ved behov. Kontroller ogs\u00e5 ved disse anledninger hele enheten slik at ytre forhold ikke har p\u00e5virket funksjonen og holdbarheten.<\/p>\n\n\n\n<h4 class=\"wp-block-heading\">ANGRERETT\/KRAV<\/h4>\n\n\n\n<p>For privatpersoner: <\/p>\n\n\n\n<p>Vi f\u00f8lger loven om fjernavtaler i henhold til anbefalingene fra det svenske konsumentverket. Kunden har etter fjernavtaleloven rett til \u00e5 returnere bestilte feilfrie varer uten \u00e5 oppgi noen grunn. Melding om dette skal gis s\u00e5 snart som mulig, dog senest innen fjorten (14) dager etter at varen er mottatt (gjelder ikke spesialbestilte varer). Kunden betaler selv returfrakten. Det er viktig at returer sendes med firmapakke til v\u00e5r adresse da vi ikke har mulighet til \u00e5 g\u00e5 til utleveringssteder\/terminaler. For refusjon &#8211; skriv inn postgiro, bankgiro, personkonto eller bankkontonummer.<\/p>\n\n\n\n<p><br><br>For bestilte varer, spesialproduserte produkter, lakkerte produkter eller p\u00e5 annen m\u00e5te produserte \u00abOn-demand-produkter\u00bb som krever spesifikk bearbeiding eller som leveres direkte fra fabrikk, er det ingen returmulighet etter at kj\u00f8pet er gjennomf\u00f8rt.<\/p>\n\n\n\n<p>Ved avtalt retur belastes kostnaden for selve frakten av oss. For bedrifter tilkommer en returh\u00e5ndteringskostnad fn. 25 % av ordreverdien.<\/p>\n","protected":false},"excerpt":{"rendered":"<p>Vilk\u00e5r PRISER Alle priser i nettbutikken vises inkl. mva FRAKTKOSTNAD Alltid 249 kr i frakt for alle leveranser til Norge! BETALINGSALTERNATIVER Vi bruker Klarna for privatpersoner. Du kan velge \u00e5 betale enten med faktura eller med kort. BESTILLINGSINFORMASJON N\u00e5r du har fullf\u00f8rt bestillingen i kassen, vil en ordrebekreftelse bli sendt til e-postadressen du oppga. E-posten [&hellip;]<\/p>\n","protected":false},"author":1,"featured_media":0,"parent":0,"menu_order":0,"comment_status":"closed","ping_status":"closed","template":"","meta":{"site-sidebar-layout":"default","site-content-layout":"","ast-site-content-layout":"default","site-content-style":"default","site-sidebar-style":"default","ast-global-header-display":"","ast-banner-title-visibility":"","ast-main-header-display":"","ast-hfb-above-header-display":"","ast-hfb-below-header-display":"","ast-hfb-mobile-header-display":"","site-post-title":"","ast-breadcrumbs-content":"","ast-featured-img":"","footer-sml-layout":"","ast-disable-related-posts":"","theme-transparent-header-meta":"","adv-header-id-meta":"","stick-header-meta":"","header-above-stick-meta":"","header-main-stick-meta":"","header-below-stick-meta":"","astra-migrate-meta-layouts":"set","ast-page-background-enabled":"default","ast-page-background-meta":{"desktop":{"background-color":"var(--ast-global-color-4)","background-image":"","background-repeat":"repeat","background-position":"center center","background-size":"auto","background-attachment":"scroll","background-type":"","background-media":"","overlay-type":"","overlay-color":"","overlay-opacity":"","overlay-gradient":""},"tablet":{"background-color":"","background-image":"","background-repeat":"repeat","background-position":"center center","background-size":"auto","background-attachment":"scroll","background-type":"","background-media":"","overlay-type":"","overlay-color":"","overlay-opacity":"","overlay-gradient":""},"mobile":{"background-color":"","background-image":"","background-repeat":"repeat","background-position":"center center","background-size":"auto","background-attachment":"scroll","background-type":"","background-media":"","overlay-type":"","overlay-color":"","overlay-opacity":"","overlay-gradient":""}},"ast-content-background-meta":{"desktop":{"background-color":"var(--ast-global-color-5)","background-image":"","background-repeat":"repeat","background-position":"center center","background-size":"auto","background-attachment":"scroll","background-type":"","background-media":"","overlay-type":"","overlay-color":"","overlay-opacity":"","overlay-gradient":""},"tablet":{"background-color":"var(--ast-global-color-5)","background-image":"","background-repeat":"repeat","background-position":"center center","background-size":"auto","background-attachment":"scroll","background-type":"","background-media":"","overlay-type":"","overlay-color":"","overlay-opacity":"","overlay-gradient":""},"mobile":{"background-color":"var(--ast-global-color-5)","background-image":"","background-repeat":"repeat","background-position":"center center","background-size":"auto","background-attachment":"scroll","background-type":"","background-media":"","overlay-type":"","overlay-color":"","overlay-opacity":"","overlay-gradient":""}},"footnotes":""},"class_list":["post-13","page","type-page","status-publish","hentry"],"yoast_head":"<!-- This site is optimized with the Yoast SEO plugin v27.1.1 - https:\/\/yoast.com\/product\/yoast-seo-wordpress\/ -->\n<title>Retningslinjer for refusjon og retur - Skyltbutiken<\/title>\n<meta name=\"robots\" content=\"index, follow, max-snippet:-1, max-image-preview:large, max-video-preview:-1\" \/>\n<link rel=\"canonical\" href=\"https:\/\/skyltbutiken.se\/no\/refund_returns\/\" \/>\n<meta property=\"og:locale\" content=\"nb_NO\" \/>\n<meta property=\"og:type\" content=\"article\" \/>\n<meta property=\"og:title\" content=\"Retningslinjer for refusjon og retur - Skyltbutiken\" \/>\n<meta property=\"og:description\" content=\"Vilk\u00e5r PRISER Alle priser i nettbutikken vises inkl. mva FRAKTKOSTNAD Alltid 249 kr i frakt for alle leveranser til Norge! BETALINGSALTERNATIVER Vi bruker Klarna for privatpersoner. Du kan velge \u00e5 betale enten med faktura eller med kort. BESTILLINGSINFORMASJON N\u00e5r du har fullf\u00f8rt bestillingen i kassen, vil en ordrebekreftelse bli sendt til e-postadressen du oppga. E-posten [&hellip;]\" \/>\n<meta property=\"og:url\" content=\"https:\/\/skyltbutiken.se\/no\/refund_returns\/\" \/>\n<meta property=\"og:site_name\" content=\"Skyltbutiken\" \/>\n<meta property=\"article:modified_time\" content=\"2023-08-19T20:47:01+00:00\" \/>\n<meta name=\"twitter:card\" content=\"summary_large_image\" \/>\n<meta name=\"twitter:label1\" content=\"Ansl. lesetid\" \/>\n\t<meta name=\"twitter:data1\" content=\"4 minutter\" \/>\n<script type=\"application\/ld+json\" class=\"yoast-schema-graph\">{\"@context\":\"https:\/\/schema.org\",\"@graph\":[{\"@type\":\"WebPage\",\"@id\":\"https:\/\/skyltbutiken.se\/no\/refund_returns\/\",\"url\":\"https:\/\/skyltbutiken.se\/no\/refund_returns\/\",\"name\":\"Retningslinjer for refusjon og retur - Skyltbutiken\",\"isPartOf\":{\"@id\":\"https:\/\/skyltbutiken.se\/no\/#website\"},\"datePublished\":\"2023-08-15T17:06:10+00:00\",\"dateModified\":\"2023-08-19T20:47:01+00:00\",\"breadcrumb\":{\"@id\":\"https:\/\/skyltbutiken.se\/no\/refund_returns\/#breadcrumb\"},\"inLanguage\":\"nb-NO\",\"potentialAction\":[{\"@type\":\"ReadAction\",\"target\":[\"https:\/\/skyltbutiken.se\/no\/refund_returns\/\"]}]},{\"@type\":\"BreadcrumbList\",\"@id\":\"https:\/\/skyltbutiken.se\/no\/refund_returns\/#breadcrumb\",\"itemListElement\":[{\"@type\":\"ListItem\",\"position\":1,\"name\":\"Hem\",\"item\":\"https:\/\/skyltbutiken.se\/no\/\"},{\"@type\":\"ListItem\",\"position\":2,\"name\":\"Retningslinjer for refusjon og retur\"}]},{\"@type\":\"WebSite\",\"@id\":\"https:\/\/skyltbutiken.se\/no\/#website\",\"url\":\"https:\/\/skyltbutiken.se\/no\/\",\"name\":\"Skyltbutiken\",\"description\":\"\",\"publisher\":{\"@id\":\"https:\/\/skyltbutiken.se\/no\/#organization\"},\"potentialAction\":[{\"@type\":\"SearchAction\",\"target\":{\"@type\":\"EntryPoint\",\"urlTemplate\":\"https:\/\/skyltbutiken.se\/no\/?s={search_term_string}\"},\"query-input\":{\"@type\":\"PropertyValueSpecification\",\"valueRequired\":true,\"valueName\":\"search_term_string\"}}],\"inLanguage\":\"nb-NO\"},{\"@type\":\"Organization\",\"@id\":\"https:\/\/skyltbutiken.se\/no\/#organization\",\"name\":\"Skyltbutiken\",\"url\":\"https:\/\/skyltbutiken.se\/no\/\",\"logo\":{\"@type\":\"ImageObject\",\"inLanguage\":\"nb-NO\",\"@id\":\"https:\/\/skyltbutiken.se\/no\/#\/schema\/logo\/image\/\",\"url\":\"https:\/\/skyltbutiken.se\/no\/wp-content\/uploads\/sites\/2\/2023\/08\/cropped-Skyltbutiken_logo_600.jpg\",\"contentUrl\":\"https:\/\/skyltbutiken.se\/no\/wp-content\/uploads\/sites\/2\/2023\/08\/cropped-Skyltbutiken_logo_600.jpg\",\"width\":600,\"height\":145,\"caption\":\"Skyltbutiken\"},\"image\":{\"@id\":\"https:\/\/skyltbutiken.se\/no\/#\/schema\/logo\/image\/\"}}]}<\/script>\n<!-- \/ Yoast SEO plugin. -->","yoast_head_json":{"title":"Retningslinjer for refusjon og retur - Skyltbutiken","robots":{"index":"index","follow":"follow","max-snippet":"max-snippet:-1","max-image-preview":"max-image-preview:large","max-video-preview":"max-video-preview:-1"},"canonical":"https:\/\/skyltbutiken.se\/no\/refund_returns\/","og_locale":"nb_NO","og_type":"article","og_title":"Retningslinjer for refusjon og retur - Skyltbutiken","og_description":"Vilk\u00e5r PRISER Alle priser i nettbutikken vises inkl. mva FRAKTKOSTNAD Alltid 249 kr i frakt for alle leveranser til Norge! BETALINGSALTERNATIVER Vi bruker Klarna for privatpersoner. Du kan velge \u00e5 betale enten med faktura eller med kort. BESTILLINGSINFORMASJON N\u00e5r du har fullf\u00f8rt bestillingen i kassen, vil en ordrebekreftelse bli sendt til e-postadressen du oppga. E-posten [&hellip;]","og_url":"https:\/\/skyltbutiken.se\/no\/refund_returns\/","og_site_name":"Skyltbutiken","article_modified_time":"2023-08-19T20:47:01+00:00","twitter_card":"summary_large_image","twitter_misc":{"Ansl. lesetid":"4 minutter"},"schema":{"@context":"https:\/\/schema.org","@graph":[{"@type":"WebPage","@id":"https:\/\/skyltbutiken.se\/no\/refund_returns\/","url":"https:\/\/skyltbutiken.se\/no\/refund_returns\/","name":"Retningslinjer for refusjon og retur - Skyltbutiken","isPartOf":{"@id":"https:\/\/skyltbutiken.se\/no\/#website"},"datePublished":"2023-08-15T17:06:10+00:00","dateModified":"2023-08-19T20:47:01+00:00","breadcrumb":{"@id":"https:\/\/skyltbutiken.se\/no\/refund_returns\/#breadcrumb"},"inLanguage":"nb-NO","potentialAction":[{"@type":"ReadAction","target":["https:\/\/skyltbutiken.se\/no\/refund_returns\/"]}]},{"@type":"BreadcrumbList","@id":"https:\/\/skyltbutiken.se\/no\/refund_returns\/#breadcrumb","itemListElement":[{"@type":"ListItem","position":1,"name":"Hem","item":"https:\/\/skyltbutiken.se\/no\/"},{"@type":"ListItem","position":2,"name":"Retningslinjer for refusjon og retur"}]},{"@type":"WebSite","@id":"https:\/\/skyltbutiken.se\/no\/#website","url":"https:\/\/skyltbutiken.se\/no\/","name":"Skyltbutiken","description":"","publisher":{"@id":"https:\/\/skyltbutiken.se\/no\/#organization"},"potentialAction":[{"@type":"SearchAction","target":{"@type":"EntryPoint","urlTemplate":"https:\/\/skyltbutiken.se\/no\/?s={search_term_string}"},"query-input":{"@type":"PropertyValueSpecification","valueRequired":true,"valueName":"search_term_string"}}],"inLanguage":"nb-NO"},{"@type":"Organization","@id":"https:\/\/skyltbutiken.se\/no\/#organization","name":"Skyltbutiken","url":"https:\/\/skyltbutiken.se\/no\/","logo":{"@type":"ImageObject","inLanguage":"nb-NO","@id":"https:\/\/skyltbutiken.se\/no\/#\/schema\/logo\/image\/","url":"https:\/\/skyltbutiken.se\/no\/wp-content\/uploads\/sites\/2\/2023\/08\/cropped-Skyltbutiken_logo_600.jpg","contentUrl":"https:\/\/skyltbutiken.se\/no\/wp-content\/uploads\/sites\/2\/2023\/08\/cropped-Skyltbutiken_logo_600.jpg","width":600,"height":145,"caption":"Skyltbutiken"},"image":{"@id":"https:\/\/skyltbutiken.se\/no\/#\/schema\/logo\/image\/"}}]}},"jetpack_sharing_enabled":true,"_links":{"self":[{"href":"https:\/\/skyltbutiken.se\/no\/wp-json\/wp\/v2\/pages\/13","targetHints":{"allow":["GET"]}}],"collection":[{"href":"https:\/\/skyltbutiken.se\/no\/wp-json\/wp\/v2\/pages"}],"about":[{"href":"https:\/\/skyltbutiken.se\/no\/wp-json\/wp\/v2\/types\/page"}],"author":[{"embeddable":true,"href":"https:\/\/skyltbutiken.se\/no\/wp-json\/wp\/v2\/users\/1"}],"replies":[{"embeddable":true,"href":"https:\/\/skyltbutiken.se\/no\/wp-json\/wp\/v2\/comments?post=13"}],"version-history":[{"count":3,"href":"https:\/\/skyltbutiken.se\/no\/wp-json\/wp\/v2\/pages\/13\/revisions"}],"predecessor-version":[{"id":121,"href":"https:\/\/skyltbutiken.se\/no\/wp-json\/wp\/v2\/pages\/13\/revisions\/121"}],"wp:attachment":[{"href":"https:\/\/skyltbutiken.se\/no\/wp-json\/wp\/v2\/media?parent=13"}],"curies":[{"name":"wp","href":"https:\/\/api.w.org\/{rel}","templated":true}]}}